{"id":1421,"date":"2024-08-01T12:05:58","date_gmt":"2024-08-01T15:05:58","guid":{"rendered":"https:\/\/ordemterceira.com.br\/?page_id=1421"},"modified":"2026-04-07T16:07:59","modified_gmt":"2026-04-07T19:07:59","slug":"avisos","status":"publish","type":"page","link":"https:\/\/ordemterceira.com.br\/index.php\/avisos\/","title":{"rendered":"Informa\u00e7\u00f5es"},"content":{"rendered":"\t\t<div data-elementor-type=\"wp-page\" data-elementor-id=\"1421\" class=\"elementor elementor-1421\" data-elementor-post-type=\"page\">\n\t\t\t\t<div class=\"elementor-element elementor-element-2bd9bce e-flex e-con-boxed e-con e-parent\" data-id=\"2bd9bce\" data-element_type=\"container\">\n\t\t\t\t\t<div class=\"e-con-inner\">\n\t\t<div class=\"elementor-element elementor-element-1248809 e-grid e-con-full e-con e-child\" data-id=\"1248809\" data-element_type=\"container\">\n\t\t\t\t<div class=\"elementor-element elementor-element-202bd6a elementor-widget elementor-widget-text-editor\" data-id=\"202bd6a\" data-element_type=\"widget\" data-widget_type=\"text-editor.default\">\n\t\t\t\t<div class=\"elementor-widget-container\">\n\t\t\t\t\t\t\t\t\t<p><strong>Santa Missa<\/strong><\/p><p class=\"cvGsUA direction-ltr align-start para-style-body\"><span class=\"a_GcMg font-feature-liga-off font-feature-clig-off font-feature-calt-off text-decoration-none text-strikethrough-none\">Segunda a sexta: 12h15<\/span><\/p><p class=\"cvGsUA direction-ltr align-start para-style-body\"><span class=\"a_GcMg font-feature-liga-off font-feature-clig-off font-feature-calt-off text-decoration-none text-strikethrough-none\">S\u00e1bado: 9h00<\/span><\/p><p class=\"cvGsUA direction-ltr align-start para-style-body\"><span class=\"a_GcMg font-feature-liga-off font-feature-clig-off font-feature-calt-off text-decoration-none text-strikethrough-none\">Domingo: 9h00 e <\/span><span class=\"a_GcMg font-feature-liga-off font-feature-clig-off font-feature-calt-off text-decoration-none text-strikethrough-none\">11h30 (Vetus Ordo)<\/span><\/p><p><span style=\"font-weight: 400;\">\u00a0<\/span><\/p><p><strong>Confiss\u00f5es<\/strong><\/p><p class=\"cvGsUA direction-ltr align-start para-style-body\"><span class=\"a_GcMg font-feature-liga-off font-feature-clig-off font-feature-calt-off text-decoration-none text-strikethrough-none\">Ter\u00e7a e <\/span><span class=\"a_GcMg font-feature-liga-off font-feature-clig-off font-feature-calt-off text-decoration-none text-strikethrough-none\">quinta-feira, <\/span><span class=\"a_GcMg font-feature-liga-off font-feature-clig-off font-feature-calt-off text-decoration-none text-strikethrough-none\">das 9h30 \u00e0s 12h00<\/span><\/p><p><span style=\"font-weight: bolder;\" data-start=\"64\" data-end=\"112\">Laudes Cantadas:<\/span><\/p><p><span data-start=\"64\" data-end=\"112\">Todo domingo \u00e0s 8h00<\/span><\/p><p><span style=\"font-weight: 400;\">\u00a0<\/span><\/p><p><span style=\"font-weight: 400;\"><strong>Hor\u00e1rio de funcionamento:<\/strong> <\/span><\/p><p><span style=\"font-weight: 400;\">Segunda a sexta das 9h00 \u00e0s 17h00<\/span><\/p><p><span style=\"font-weight: 400;\">S\u00e1bado das 8h00 \u00e0s 12h00<\/span><\/p><p><span style=\"font-weight: 400;\">Domingo das 8h00 \u00e0s 13h00<\/span><\/p><p><span style=\"font-weight: 400;\">\u00a0<\/span><\/p><p><span style=\"font-weight: 400;\"><strong>Endere\u00e7o:<\/strong> <\/span><\/p><p><span style=\"font-weight: 400;\">Igreja da Ordem Terceira do Carmo &#8211; Av. Rangel Pestana, 230 &#8211; S\u00e9, <\/span><\/p><p><span style=\"font-weight: 400;\">S\u00e3o Paulo &#8211; SP, 01017-000<\/span><\/p><p><span style=\"font-weight: 400;\">\u00a0<\/span><\/p><p><strong>Primeira segunda-feira de cada m\u00eas:<\/strong><\/p><p><span style=\"font-weight: 400;\">Santa missa e<span class=\"a_GcMg font-feature-liga-off font-feature-clig-off font-feature-calt-off text-decoration-none text-strikethrough-none\">m sufr\u00e1gio das almas do purgat\u00f3rio<\/span>no cemit\u00e9rio da <\/span><\/p><p><span style=\"font-weight: 400;\">Vener\u00e1vel Ordem \u00e0s 16h00<\/span><\/p><p><span style=\"font-weight: 400;\">Rua Sergipe, 83 &#8211; Higien\u00f3polis, S\u00e3o Paulo &#8211; SP<\/span><\/p>\t\t\t\t\t\t\t\t<\/div>\n\t\t\t\t<\/div>\n\t\t<div class=\"elementor-element elementor-element-148343c e-con-full e-flex e-con e-child\" data-id=\"148343c\" data-element_type=\"container\">\n\t\t\t\t<div class=\"elementor-element elementor-element-b75c523 elementor-widget elementor-widget-image\" data-id=\"b75c523\" data-element_type=\"widget\" data-widget_type=\"image.default\">\n\t\t\t\t<div class=\"elementor-widget-container\">\n\t\t\t\t\t\t\t\t\t\t\t\t\t\t\t<img fetchpriority=\"high\" decoding=\"async\" width=\"683\" height=\"1024\" src=\"https:\/\/ordemterceira.com.br\/wp-content\/uploads\/2025\/05\/A-Igreja-da-Ordem-Terceira-do-Carmo-um-marco-de-393-anos-de-devocao-e-historia-683x1024.jpg\" class=\"attachment-large size-large wp-image-2112\" alt=\"\" srcset=\"https:\/\/ordemterceira.com.br\/wp-content\/uploads\/2025\/05\/A-Igreja-da-Ordem-Terceira-do-Carmo-um-marco-de-393-anos-de-devocao-e-historia-683x1024.jpg 683w, https:\/\/ordemterceira.com.br\/wp-content\/uploads\/2025\/05\/A-Igreja-da-Ordem-Terceira-do-Carmo-um-marco-de-393-anos-de-devocao-e-historia-200x300.jpg 200w, https:\/\/ordemterceira.com.br\/wp-content\/uploads\/2025\/05\/A-Igreja-da-Ordem-Terceira-do-Carmo-um-marco-de-393-anos-de-devocao-e-historia-768x1152.jpg 768w, https:\/\/ordemterceira.com.br\/wp-content\/uploads\/2025\/05\/A-Igreja-da-Ordem-Terceira-do-Carmo-um-marco-de-393-anos-de-devocao-e-historia-1024x1536.jpg 1024w, https:\/\/ordemterceira.com.br\/wp-content\/uploads\/2025\/05\/A-Igreja-da-Ordem-Terceira-do-Carmo-um-marco-de-393-anos-de-devocao-e-historia.jpg 1365w\" sizes=\"(max-width: 683px) 100vw, 683px\" \/>\t\t\t\t\t\t\t\t\t\t\t\t\t\t\t<\/div>\n\t\t\t\t<\/div>\n\t\t\t\t<\/div>\n\t\t\t\t<\/div>\n\t\t\t\t<div class=\"elementor-element elementor-element-7e7faa2 elementor-widget elementor-widget-spacer\" data-id=\"7e7faa2\" data-element_type=\"widget\" data-widget_type=\"spacer.default\">\n\t\t\t\t<div class=\"elementor-widget-container\">\n\t\t\t\t\t\t\t<div class=\"elementor-spacer\">\n\t\t\t<div class=\"elementor-spacer-inner\"><\/div>\n\t\t<\/div>\n\t\t\t\t\t\t<\/div>\n\t\t\t\t<\/div>\n\t\t\t\t<div class=\"elementor-element elementor-element-a373984 elementor-align-center elementor-widget elementor-widget-button\" data-id=\"a373984\" data-element_type=\"widget\" data-widget_type=\"button.default\">\n\t\t\t\t<div class=\"elementor-widget-container\">\n\t\t\t\t\t\t\t\t\t<div class=\"elementor-button-wrapper\">\n\t\t\t\t\t<a class=\"elementor-button elementor-button-link elementor-size-sm\" href=\"https:\/\/ordemterceira.com.br\/index.php\/2025\/07\/04\/o-que-e-a-ordem-terceira-do-carmo-descubra-este-chamado-leigo-a-santidade\/\">\n\t\t\t\t\t\t<span class=\"elementor-button-content-wrapper\">\n\t\t\t\t\t\t\t\t\t<span class=\"elementor-button-text\">Saiba mais sobre a Ordem Terceira do Carmo aqui<\/span>\n\t\t\t\t\t<\/span>\n\t\t\t\t\t<\/a>\n\t\t\t\t<\/div>\n\t\t\t\t\t\t\t\t<\/div>\n\t\t\t\t<\/div>\n\t\t\t\t<div class=\"elementor-element elementor-element-88baf6a elementor-widget elementor-widget-spacer\" data-id=\"88baf6a\" data-element_type=\"widget\" data-widget_type=\"spacer.default\">\n\t\t\t\t<div class=\"elementor-widget-container\">\n\t\t\t\t\t\t\t<div class=\"elementor-spacer\">\n\t\t\t<div class=\"elementor-spacer-inner\"><\/div>\n\t\t<\/div>\n\t\t\t\t\t\t<\/div>\n\t\t\t\t<\/div>\n\t\t\t\t<div class=\"elementor-element elementor-element-90b3b86 elementor-shape-rounded elementor-grid-0 e-grid-align-center elementor-widget elementor-widget-social-icons\" data-id=\"90b3b86\" data-element_type=\"widget\" data-widget_type=\"social-icons.default\">\n\t\t\t\t<div class=\"elementor-widget-container\">\n\t\t\t\t\t\t\t<div class=\"elementor-social-icons-wrapper elementor-grid\" role=\"list\">\n\t\t\t\t\t\t\t<span class=\"elementor-grid-item\" role=\"listitem\">\n\t\t\t\t\t<a class=\"elementor-icon elementor-social-icon elementor-social-icon-instagram elementor-repeater-item-e3a9f86\" href=\"https:\/\/www.instagram.com\/veneravelordem\/\" target=\"_blank\">\n\t\t\t\t\t\t<span class=\"elementor-screen-only\">Instagram<\/span>\n\t\t\t\t\t\t<svg class=\"e-font-icon-svg e-fab-instagram\" viewBox=\"0 0 448 512\" xmlns=\"http:\/\/www.w3.org\/2000\/svg\"><path d=\"M224.1 141c-63.6 0-114.9 51.3-114.9 114.9s51.3 114.9 114.9 114.9S339 319.5 339 255.9 287.7 141 224.1 141zm0 189.6c-41.1 0-74.7-33.5-74.7-74.7s33.5-74.7 74.7-74.7 74.7 33.5 74.7 74.7-33.6 74.7-74.7 74.7zm146.4-194.3c0 14.9-12 26.8-26.8 26.8-14.9 0-26.8-12-26.8-26.8s12-26.8 26.8-26.8 26.8 12 26.8 26.8zm76.1 27.2c-1.7-35.9-9.9-67.7-36.2-93.9-26.2-26.2-58-34.4-93.9-36.2-37-2.1-147.9-2.1-184.9 0-35.8 1.7-67.6 9.9-93.9 36.1s-34.4 58-36.2 93.9c-2.1 37-2.1 147.9 0 184.9 1.7 35.9 9.9 67.7 36.2 93.9s58 34.4 93.9 36.2c37 2.1 147.9 2.1 184.9 0 35.9-1.7 67.7-9.9 93.9-36.2 26.2-26.2 34.4-58 36.2-93.9 2.1-37 2.1-147.8 0-184.8zM398.8 388c-7.8 19.6-22.9 34.7-42.6 42.6-29.5 11.7-99.5 9-132.1 9s-102.7 2.6-132.1-9c-19.6-7.8-34.7-22.9-42.6-42.6-11.7-29.5-9-99.5-9-132.1s-2.6-102.7 9-132.1c7.8-19.6 22.9-34.7 42.6-42.6 29.5-11.7 99.5-9 132.1-9s102.7-2.6 132.1 9c19.6 7.8 34.7 22.9 42.6 42.6 11.7 29.5 9 99.5 9 132.1s2.7 102.7-9 132.1z\"><\/path><\/svg>\t\t\t\t\t<\/a>\n\t\t\t\t<\/span>\n\t\t\t\t\t\t\t<span class=\"elementor-grid-item\" role=\"listitem\">\n\t\t\t\t\t<a class=\"elementor-icon elementor-social-icon elementor-social-icon-youtube elementor-repeater-item-02bedd4\" href=\"https:\/\/www.youtube.com\/@veneravelordem\" target=\"_blank\">\n\t\t\t\t\t\t<span class=\"elementor-screen-only\">Youtube<\/span>\n\t\t\t\t\t\t<svg class=\"e-font-icon-svg e-fab-youtube\" viewBox=\"0 0 576 512\" xmlns=\"http:\/\/www.w3.org\/2000\/svg\"><path d=\"M549.655 124.083c-6.281-23.65-24.787-42.276-48.284-48.597C458.781 64 288 64 288 64S117.22 64 74.629 75.486c-23.497 6.322-42.003 24.947-48.284 48.597-11.412 42.867-11.412 132.305-11.412 132.305s0 89.438 11.412 132.305c6.281 23.65 24.787 41.5 48.284 47.821C117.22 448 288 448 288 448s170.78 0 213.371-11.486c23.497-6.321 42.003-24.171 48.284-47.821 11.412-42.867 11.412-132.305 11.412-132.305s0-89.438-11.412-132.305zm-317.51 213.508V175.185l142.739 81.205-142.739 81.201z\"><\/path><\/svg>\t\t\t\t\t<\/a>\n\t\t\t\t<\/span>\n\t\t\t\t\t<\/div>\n\t\t\t\t\t\t<\/div>\n\t\t\t\t<\/div>\n\t\t\t\t<div class=\"elementor-element elementor-element-e6c86a1 elementor-widget elementor-widget-text-editor\" data-id=\"e6c86a1\" data-element_type=\"widget\" data-widget_type=\"text-editor.default\">\n\t\t\t\t<div class=\"elementor-widget-container\">\n\t\t\t\t\t\t\t\t\t<p>Entre em contato atrav\u00e9s do e-mail: carmoesplanada@gmail.com<\/p><p>WhatsApp: (11) 98876-9728<\/p>\t\t\t\t\t\t\t\t<\/div>\n\t\t\t\t<\/div>\n\t\t\t\t<div class=\"elementor-element elementor-element-7b27c60 elementor-widget elementor-widget-spacer\" data-id=\"7b27c60\" data-element_type=\"widget\" data-widget_type=\"spacer.default\">\n\t\t\t\t<div class=\"elementor-widget-container\">\n\t\t\t\t\t\t\t<div class=\"elementor-spacer\">\n\t\t\t<div class=\"elementor-spacer-inner\"><\/div>\n\t\t<\/div>\n\t\t\t\t\t\t<\/div>\n\t\t\t\t<\/div>\n\t\t\t\t<div class=\"elementor-element elementor-element-dbdf72d elementor-widget elementor-widget-heading\" data-id=\"dbdf72d\" data-element_type=\"widget\" data-widget_type=\"heading.default\">\n\t\t\t\t<div class=\"elementor-widget-container\">\n\t\t\t\t\t<h2 class=\"elementor-heading-title elementor-size-default\">Casamentos na Igreja da Ordem Terceira do Carmo<\/h2>\t\t\t\t<\/div>\n\t\t\t\t<\/div>\n\t\t\t\t<div class=\"elementor-element elementor-element-4b5a958 elementor-widget elementor-widget-text-editor\" data-id=\"4b5a958\" data-element_type=\"widget\" data-widget_type=\"text-editor.default\">\n\t\t\t\t<div class=\"elementor-widget-container\">\n\t\t\t\t\t\t\t\t\t<p>Entre em contato atrav\u00e9s deste e-mail para mais informa\u00e7\u00f5es:<\/p><p>patriciagomes.ordem@gmail.com<\/p>\t\t\t\t\t\t\t\t<\/div>\n\t\t\t\t<\/div>\n\t\t\t\t<div class=\"elementor-element elementor-element-ec5b482 elementor-widget elementor-widget-spacer\" data-id=\"ec5b482\" data-element_type=\"widget\" data-widget_type=\"spacer.default\">\n\t\t\t\t<div class=\"elementor-widget-container\">\n\t\t\t\t\t\t\t<div class=\"elementor-spacer\">\n\t\t\t<div class=\"elementor-spacer-inner\"><\/div>\n\t\t<\/div>\n\t\t\t\t\t\t<\/div>\n\t\t\t\t<\/div>\n\t\t\t\t\t<\/div>\n\t\t\t\t<\/div>\n\t\t<div class=\"elementor-element elementor-element-e49b3f2 e-grid e-con-boxed e-con e-parent\" data-id=\"e49b3f2\" data-element_type=\"container\">\n\t\t\t\t\t<div class=\"e-con-inner\">\n\t\t\t\t<div class=\"elementor-element elementor-element-144daa9 elementor-widget elementor-widget-image\" data-id=\"144daa9\" data-element_type=\"widget\" data-widget_type=\"image.default\">\n\t\t\t\t<div class=\"elementor-widget-container\">\n\t\t\t\t\t\t\t\t\t\t\t\t\t\t\t<img decoding=\"async\" width=\"150\" height=\"150\" src=\"https:\/\/ordemterceira.com.br\/wp-content\/uploads\/2024\/01\/Captura-de-tela-2024-01-09-081704-150x150.png\" class=\"attachment-thumbnail size-thumbnail wp-image-1146\" alt=\"\" srcset=\"https:\/\/ordemterceira.com.br\/wp-content\/uploads\/2024\/01\/elementor\/thumbs\/Captura-de-tela-2024-01-09-081704-qi1yl0bzaq6z3320zm12v9d542pdlrrpp1pw7kesf0.png 150w, https:\/\/ordemterceira.com.br\/wp-content\/uploads\/2024\/01\/Captura-de-tela-2024-01-09-081704-300x297.png 300w, https:\/\/ordemterceira.com.br\/wp-content\/uploads\/2024\/01\/elementor\/thumbs\/Captura-de-tela-2024-01-09-081704-qi1yl0bzwnl6w34w72gnxasbmqt6xndkmy0ha9nefk.png 200w, https:\/\/ordemterceira.com.br\/wp-content\/uploads\/2024\/01\/Captura-de-tela-2024-01-09-081704.png 335w\" sizes=\"(max-width: 150px) 100vw, 150px\" \/>\t\t\t\t\t\t\t\t\t\t\t\t\t\t\t<\/div>\n\t\t\t\t<\/div>\n\t\t\t\t<div class=\"elementor-element elementor-element-710bcae elementor-widget elementor-widget-text-editor\" data-id=\"710bcae\" data-element_type=\"widget\" data-widget_type=\"text-editor.default\">\n\t\t\t\t<div class=\"elementor-widget-container\">\n\t\t\t\t\t\t\t\t\t<div class=\"elementor elementor-70\" data-elementor-type=\"wp-page\" data-elementor-id=\"70\" data-elementor-post-type=\"page\"><div class=\"elementor-element elementor-element-b00b55a e-flex e-con-boxed e-con e-parent e-lazyloaded\" data-id=\"b00b55a\" data-element_type=\"container\"><div class=\"e-con-inner\"><div class=\"elementor-element elementor-element-8513623 elementor-position-left elementor-vertical-align-top elementor-widget elementor-widget-image-box\" data-id=\"8513623\" data-element_type=\"widget\" data-widget_type=\"image-box.default\"><div class=\"elementor-widget-container\"><div class=\"elementor-image-box-wrapper\"><div class=\"elementor-image-box-content\"><p class=\"elementor-image-box-description\"><strong>Deseja fazer sua oferta em apoio ao nosso apostolado?<\/strong><\/p><p class=\"elementor-image-box-description\">Com f\u00e9 e gratid\u00e3o, acolhemos sua contribui\u00e7\u00e3o.<\/p><p class=\"elementor-image-box-description\">Aponte a c\u00e2mera do seu celular para o QR Code ao lado ou utilize o CNPJ da Vener\u00e1vel Ordem para realizar seu Pix.<\/p><p class=\"elementor-image-box-description\">50.708.817\/0001-97<\/p><\/div><\/div><\/div><\/div><\/div><\/div><\/div>\t\t\t\t\t\t\t\t<\/div>\n\t\t\t\t<\/div>\n\t\t\t\t\t<\/div>\n\t\t\t\t<\/div>\n\t\t\t\t<\/div>\n\t\t","protected":false},"excerpt":{"rendered":"<p>Santa Missa Segunda a sexta: 12h15 S\u00e1bado: 9h00 Domingo: 9h00 e 11h30 (Vetus Ordo) \u00a0 Confiss\u00f5es Ter\u00e7a e quinta-feira, das 9h30 \u00e0s 12h00 Laudes Cantadas: Todo domingo \u00e0s 8h00 \u00a0 Hor\u00e1rio de funcionamento: Segunda a sexta das 9h00 \u00e0s 17h00 S\u00e1bado das 8h00 \u00e0s 12h00 Domingo das 8h00 \u00e0s 13h00 \u00a0 Endere\u00e7o: Igreja da Ordem [&hellip;]<\/p>\n","protected":false},"author":1,"featured_media":0,"parent":0,"menu_order":0,"comment_status":"closed","ping_status":"closed","template":"","meta":{"footnotes":""},"class_list":["post-1421","page","type-page","status-publish","hentry"],"yoast_head":"<!-- This site is optimized with the Yoast SEO plugin v25.7 - https:\/\/yoast.com\/wordpress\/plugins\/seo\/ -->\n<title>Informa\u00e7\u00f5es - Ordem Terceira<\/title>\n<meta name=\"robots\" content=\"index, follow, max-snippet:-1, max-image-preview:large, max-video-preview:-1\" \/>\n<link rel=\"canonical\" href=\"https:\/\/ordemterceira.com.br\/index.php\/avisos\/\" \/>\n<meta property=\"og:locale\" content=\"en_US\" \/>\n<meta property=\"og:type\" content=\"article\" \/>\n<meta property=\"og:title\" content=\"Informa\u00e7\u00f5es - Ordem Terceira\" \/>\n<meta property=\"og:description\" content=\"Santa Missa Segunda a sexta: 12h15 S\u00e1bado: 9h00 Domingo: 9h00 e 11h30 (Vetus Ordo) \u00a0 Confiss\u00f5es Ter\u00e7a e quinta-feira, das 9h30 \u00e0s 12h00 Laudes Cantadas: Todo domingo \u00e0s 8h00 \u00a0 Hor\u00e1rio de funcionamento: Segunda a sexta das 9h00 \u00e0s 17h00 S\u00e1bado das 8h00 \u00e0s 12h00 Domingo das 8h00 \u00e0s 13h00 \u00a0 Endere\u00e7o: Igreja da Ordem [&hellip;]\" \/>\n<meta property=\"og:url\" content=\"https:\/\/ordemterceira.com.br\/index.php\/avisos\/\" \/>\n<meta property=\"og:site_name\" content=\"Ordem Terceira\" \/>\n<meta property=\"article:modified_time\" content=\"2026-04-07T19:07:59+00:00\" \/>\n<meta property=\"og:image\" content=\"https:\/\/ordemterceira.com.br\/wp-content\/uploads\/2025\/05\/A-Igreja-da-Ordem-Terceira-do-Carmo-um-marco-de-393-anos-de-devocao-e-historia-683x1024.jpg\" \/>\n<meta name=\"twitter:card\" content=\"summary_large_image\" \/>\n<meta name=\"twitter:label1\" content=\"Est. reading time\" \/>\n\t<meta name=\"twitter:data1\" content=\"2 minutes\" \/>\n<script type=\"application\/ld+json\" class=\"yoast-schema-graph\">{\"@context\":\"https:\/\/schema.org\",\"@graph\":[{\"@type\":\"WebPage\",\"@id\":\"https:\/\/ordemterceira.com.br\/index.php\/avisos\/\",\"url\":\"https:\/\/ordemterceira.com.br\/index.php\/avisos\/\",\"name\":\"Informa\u00e7\u00f5es - Ordem Terceira\",\"isPartOf\":{\"@id\":\"https:\/\/ordemterceira.com.br\/#website\"},\"primaryImageOfPage\":{\"@id\":\"https:\/\/ordemterceira.com.br\/index.php\/avisos\/#primaryimage\"},\"image\":{\"@id\":\"https:\/\/ordemterceira.com.br\/index.php\/avisos\/#primaryimage\"},\"thumbnailUrl\":\"https:\/\/ordemterceira.com.br\/wp-content\/uploads\/2025\/05\/A-Igreja-da-Ordem-Terceira-do-Carmo-um-marco-de-393-anos-de-devocao-e-historia-683x1024.jpg\",\"datePublished\":\"2024-08-01T15:05:58+00:00\",\"dateModified\":\"2026-04-07T19:07:59+00:00\",\"breadcrumb\":{\"@id\":\"https:\/\/ordemterceira.com.br\/index.php\/avisos\/#breadcrumb\"},\"inLanguage\":\"en-US\",\"potentialAction\":[{\"@type\":\"ReadAction\",\"target\":[\"https:\/\/ordemterceira.com.br\/index.php\/avisos\/\"]}]},{\"@type\":\"ImageObject\",\"inLanguage\":\"en-US\",\"@id\":\"https:\/\/ordemterceira.com.br\/index.php\/avisos\/#primaryimage\",\"url\":\"https:\/\/ordemterceira.com.br\/wp-content\/uploads\/2025\/05\/A-Igreja-da-Ordem-Terceira-do-Carmo-um-marco-de-393-anos-de-devocao-e-historia.jpg\",\"contentUrl\":\"https:\/\/ordemterceira.com.br\/wp-content\/uploads\/2025\/05\/A-Igreja-da-Ordem-Terceira-do-Carmo-um-marco-de-393-anos-de-devocao-e-historia.jpg\",\"width\":1365,\"height\":2048},{\"@type\":\"BreadcrumbList\",\"@id\":\"https:\/\/ordemterceira.com.br\/index.php\/avisos\/#breadcrumb\",\"itemListElement\":[{\"@type\":\"ListItem\",\"position\":1,\"name\":\"In\u00edcio\",\"item\":\"https:\/\/ordemterceira.com.br\/\"},{\"@type\":\"ListItem\",\"position\":2,\"name\":\"Informa\u00e7\u00f5es\"}]},{\"@type\":\"WebSite\",\"@id\":\"https:\/\/ordemterceira.com.br\/#website\",\"url\":\"https:\/\/ordemterceira.com.br\/\",\"name\":\"Ordem Terceira\",\"description\":\"\",\"publisher\":{\"@id\":\"https:\/\/ordemterceira.com.br\/#organization\"},\"potentialAction\":[{\"@type\":\"SearchAction\",\"target\":{\"@type\":\"EntryPoint\",\"urlTemplate\":\"https:\/\/ordemterceira.com.br\/?s={search_term_string}\"},\"query-input\":{\"@type\":\"PropertyValueSpecification\",\"valueRequired\":true,\"valueName\":\"search_term_string\"}}],\"inLanguage\":\"en-US\"},{\"@type\":\"Organization\",\"@id\":\"https:\/\/ordemterceira.com.br\/#organization\",\"name\":\"Ordem Terceira\",\"url\":\"https:\/\/ordemterceira.com.br\/\",\"logo\":{\"@type\":\"ImageObject\",\"inLanguage\":\"en-US\",\"@id\":\"https:\/\/ordemterceira.com.br\/#\/schema\/logo\/image\/\",\"url\":\"https:\/\/ordemterceira.com.br\/wp-content\/uploads\/2023\/10\/Brasao-sem-fundo-150x150-1.png\",\"contentUrl\":\"https:\/\/ordemterceira.com.br\/wp-content\/uploads\/2023\/10\/Brasao-sem-fundo-150x150-1.png\",\"width\":150,\"height\":150,\"caption\":\"Ordem Terceira\"},\"image\":{\"@id\":\"https:\/\/ordemterceira.com.br\/#\/schema\/logo\/image\/\"},\"sameAs\":[\"https:\/\/www.instagram.com\/veneravelordem\/\",\"https:\/\/www.youtube.com\/@veneravelordem\"]}]}<\/script>\n<!-- \/ Yoast SEO plugin. -->","yoast_head_json":{"title":"Informa\u00e7\u00f5es - Ordem Terceira","robots":{"index":"index","follow":"follow","max-snippet":"max-snippet:-1","max-image-preview":"max-image-preview:large","max-video-preview":"max-video-preview:-1"},"canonical":"https:\/\/ordemterceira.com.br\/index.php\/avisos\/","og_locale":"en_US","og_type":"article","og_title":"Informa\u00e7\u00f5es - Ordem Terceira","og_description":"Santa Missa Segunda a sexta: 12h15 S\u00e1bado: 9h00 Domingo: 9h00 e 11h30 (Vetus Ordo) \u00a0 Confiss\u00f5es Ter\u00e7a e quinta-feira, das 9h30 \u00e0s 12h00 Laudes Cantadas: Todo domingo \u00e0s 8h00 \u00a0 Hor\u00e1rio de funcionamento: Segunda a sexta das 9h00 \u00e0s 17h00 S\u00e1bado das 8h00 \u00e0s 12h00 Domingo das 8h00 \u00e0s 13h00 \u00a0 Endere\u00e7o: Igreja da Ordem [&hellip;]","og_url":"https:\/\/ordemterceira.com.br\/index.php\/avisos\/","og_site_name":"Ordem Terceira","article_modified_time":"2026-04-07T19:07:59+00:00","og_image":[{"url":"https:\/\/ordemterceira.com.br\/wp-content\/uploads\/2025\/05\/A-Igreja-da-Ordem-Terceira-do-Carmo-um-marco-de-393-anos-de-devocao-e-historia-683x1024.jpg","type":"","width":"","height":""}],"twitter_card":"summary_large_image","twitter_misc":{"Est. reading time":"2 minutes"},"schema":{"@context":"https:\/\/schema.org","@graph":[{"@type":"WebPage","@id":"https:\/\/ordemterceira.com.br\/index.php\/avisos\/","url":"https:\/\/ordemterceira.com.br\/index.php\/avisos\/","name":"Informa\u00e7\u00f5es - Ordem Terceira","isPartOf":{"@id":"https:\/\/ordemterceira.com.br\/#website"},"primaryImageOfPage":{"@id":"https:\/\/ordemterceira.com.br\/index.php\/avisos\/#primaryimage"},"image":{"@id":"https:\/\/ordemterceira.com.br\/index.php\/avisos\/#primaryimage"},"thumbnailUrl":"https:\/\/ordemterceira.com.br\/wp-content\/uploads\/2025\/05\/A-Igreja-da-Ordem-Terceira-do-Carmo-um-marco-de-393-anos-de-devocao-e-historia-683x1024.jpg","datePublished":"2024-08-01T15:05:58+00:00","dateModified":"2026-04-07T19:07:59+00:00","breadcrumb":{"@id":"https:\/\/ordemterceira.com.br\/index.php\/avisos\/#breadcrumb"},"inLanguage":"en-US","potentialAction":[{"@type":"ReadAction","target":["https:\/\/ordemterceira.com.br\/index.php\/avisos\/"]}]},{"@type":"ImageObject","inLanguage":"en-US","@id":"https:\/\/ordemterceira.com.br\/index.php\/avisos\/#primaryimage","url":"https:\/\/ordemterceira.com.br\/wp-content\/uploads\/2025\/05\/A-Igreja-da-Ordem-Terceira-do-Carmo-um-marco-de-393-anos-de-devocao-e-historia.jpg","contentUrl":"https:\/\/ordemterceira.com.br\/wp-content\/uploads\/2025\/05\/A-Igreja-da-Ordem-Terceira-do-Carmo-um-marco-de-393-anos-de-devocao-e-historia.jpg","width":1365,"height":2048},{"@type":"BreadcrumbList","@id":"https:\/\/ordemterceira.com.br\/index.php\/avisos\/#breadcrumb","itemListElement":[{"@type":"ListItem","position":1,"name":"In\u00edcio","item":"https:\/\/ordemterceira.com.br\/"},{"@type":"ListItem","position":2,"name":"Informa\u00e7\u00f5es"}]},{"@type":"WebSite","@id":"https:\/\/ordemterceira.com.br\/#website","url":"https:\/\/ordemterceira.com.br\/","name":"Ordem Terceira","description":"","publisher":{"@id":"https:\/\/ordemterceira.com.br\/#organization"},"potentialAction":[{"@type":"SearchAction","target":{"@type":"EntryPoint","urlTemplate":"https:\/\/ordemterceira.com.br\/?s={search_term_string}"},"query-input":{"@type":"PropertyValueSpecification","valueRequired":true,"valueName":"search_term_string"}}],"inLanguage":"en-US"},{"@type":"Organization","@id":"https:\/\/ordemterceira.com.br\/#organization","name":"Ordem Terceira","url":"https:\/\/ordemterceira.com.br\/","logo":{"@type":"ImageObject","inLanguage":"en-US","@id":"https:\/\/ordemterceira.com.br\/#\/schema\/logo\/image\/","url":"https:\/\/ordemterceira.com.br\/wp-content\/uploads\/2023\/10\/Brasao-sem-fundo-150x150-1.png","contentUrl":"https:\/\/ordemterceira.com.br\/wp-content\/uploads\/2023\/10\/Brasao-sem-fundo-150x150-1.png","width":150,"height":150,"caption":"Ordem Terceira"},"image":{"@id":"https:\/\/ordemterceira.com.br\/#\/schema\/logo\/image\/"},"sameAs":["https:\/\/www.instagram.com\/veneravelordem\/","https:\/\/www.youtube.com\/@veneravelordem"]}]}},"_links":{"self":[{"href":"https:\/\/ordemterceira.com.br\/index.php\/wp-json\/wp\/v2\/pages\/1421","targetHints":{"allow":["GET"]}}],"collection":[{"href":"https:\/\/ordemterceira.com.br\/index.php\/wp-json\/wp\/v2\/pages"}],"about":[{"href":"https:\/\/ordemterceira.com.br\/index.php\/wp-json\/wp\/v2\/types\/page"}],"author":[{"embeddable":true,"href":"https:\/\/ordemterceira.com.br\/index.php\/wp-json\/wp\/v2\/users\/1"}],"replies":[{"embeddable":true,"href":"https:\/\/ordemterceira.com.br\/index.php\/wp-json\/wp\/v2\/comments?post=1421"}],"version-history":[{"count":97,"href":"https:\/\/ordemterceira.com.br\/index.php\/wp-json\/wp\/v2\/pages\/1421\/revisions"}],"predecessor-version":[{"id":3262,"href":"https:\/\/ordemterceira.com.br\/index.php\/wp-json\/wp\/v2\/pages\/1421\/revisions\/3262"}],"wp:attachment":[{"href":"https:\/\/ordemterceira.com.br\/index.php\/wp-json\/wp\/v2\/media?parent=1421"}],"curies":[{"name":"wp","href":"https:\/\/api.w.org\/{rel}","templated":true}]}}